{"id":100,"date":"2018-11-06T08:57:41","date_gmt":"2018-11-06T08:57:41","guid":{"rendered":"http:\/\/localhost\/dentmedi-theme\/?page_id=86"},"modified":"2021-05-04T23:07:36","modified_gmt":"2021-05-04T23:07:36","slug":"contactez-nous","status":"publish","type":"page","link":"https:\/\/ap2sante.com\/index.php\/contactez-nous\/","title":{"rendered":"Contactez-nous"},"content":{"rendered":"<p>[vc_row tm_bgcolor=\u00a0\u00bbwhite\u00a0\u00bb tm_bgimagefixed=\u00a0\u00bb\u00a0\u00bb full_width=\u00a0\u00bbstretch_row\u00a0\u00bb equal_height=\u00a0\u00bbyes\u00a0\u00bb css=\u00a0\u00bb.vc_custom_1619909623110{padding-bottom: 0px !important;background-image: url(http:\/\/ap2sante.com\/wp-content\/uploads\/2021\/05\/Banner.png?id=3506) !important;}\u00a0\u00bb tm_responsive_css=\u00a0\u00bb10883513|colbreak_no|||||||||colbreak_no|||||0px||||colbreak_no||||||||||colbreak_no|||||||||\u00a0\u00bb][vc_column tm_bgcolor=\u00a0\u00bbskincolor\u00a0\u00bb width=\u00a0\u00bb5\/12&Prime; css=\u00a0\u00bb.vc_custom_1548161738223{padding-top: 40px !important;padding-right: 35px !important;padding-bottom: 30px !important;padding-left: 35px !important;}\u00a0\u00bb tm_responsive_css=\u00a0\u00bb92489321|colbreak_no|||||||||colbreak_no|||||||||colbreak_no||||||20px||20px||colbreak_no|||||||||\u00a0\u00bb][vc_row_inner][vc_column_inner el_class=\u00a0\u00bbtm-contact-box\u00a0\u00bb tm_responsive_css=\u00a0\u00bb86502181|colbreak_no|||||||||colbreak_no|||||||||colbreak_no||||||15px||15px||colbreak_no|||||||||\u00a0\u00bb]<h2 style=\"text-align:left;font-size:30px;line-height:34px;\" class=\"tm-custom-heading \" >Voulez-vous mieux conna\u00eetre Ap2Sant\u00e9 ?<\/h2>\n<h2 style=\"text-align:left;font-size:14px;line-height:20px;font-family:'Ubuntu',Arial,Helvetica;font-weight:400;\" class=\"tm-custom-heading \" >R\u00e9servez un rendez-vous gratuit en nous visitant ou en nous appelant!<\/h2>\n[vc_separator color=\u00a0\u00bbcustom\u00a0\u00bb accent_color=\u00a0\u00bbrgba(255,255,255,0.25)\u00a0\u00bb css=\u00a0\u00bb.vc_custom_1545372978951{padding-top: 20px !important;}\u00a0\u00bb]<div class=\"tm-sbox tm-sbox-iconalign-before-heading none tm-sbox-bgcolor-transparent tm-bgcolor-transparent tm-sbox-textcolor- tm-textcolor- tm-sbox-isize-sm tm-sbox-isize-sm tm-sbox-istyle-boxed-outline vc_custom_1620151850359 tm-sbox-both-headings tm-0px-heading-margin\"><section class=\"tm-vc_cta3-container\"><div class=\"tm-vc_general tm-vc_cta3 tm-vc_cta3-align-left tm-vc_cta3-icon-size-sm tm-vc_cta3-icons-beforeheading tm-vc_cta3-actions-no\"><div class=\"tm-vc_cta3_content-container\"><div class=\"tm-vc_cta3-content\"><div class=\"tm-vc_cta3-content-header tm-wrap\"><div class=\"tm-vc_cta3-icons tm-wrap-cell\"><div class=\"tm-vc_icon_element tm-vc_icon_element-outer tm-vc_icon_element-align-left  tm-vc_icon_element-have-style\"><div class=\"tm-vc_icon_element-inner  tm-vc_icon_element-have-style-inner tm-vc_icon_element-color-white tm-vc_icon_element-size-sm tm-vc_icon_element-style-boxed-outline tm-vc_icon_element-outline tm-vc_icon_element-background-color-white\" ><span class=\"tm-vc_icon_element-icon fa fa-map-marker\" ><\/span><\/div><\/div><\/div><div class=\"tm-vc_cta3-headers tm-wrap-cell\"><h2 style=\"font-size:20px;line-height:28px;font-family:'Saira',Arial,Helvetica;font-weight:500;\" class=\"tm-custom-heading \" >Rue wenheck 57730 VALMONT, France<\/h2>\n<h4 style=\"font-size:14px;line-height:18px;font-family:'Ubuntu',Arial,Helvetica;font-weight:400;\" class=\"tm-custom-heading \" >Valmont, France<\/h4>\n<\/div><\/div><\/div><div class=\"tm-cta3-desc-btn-wrapper\"><div class=\"tm-cta3-description\"><\/div><\/div><\/div><\/div><\/section><\/div><div class=\"tm-sbox tm-sbox-iconalign-before-heading none tm-sbox-bgcolor-transparent tm-bgcolor-transparent tm-sbox-textcolor- tm-textcolor- tm-sbox-isize-sm tm-sbox-isize-sm tm-sbox-istyle-boxed-outline vc_custom_1619809930630 tm-sbox-both-headings tm-0px-heading-margin\"><section class=\"tm-vc_cta3-container\"><div class=\"tm-vc_general tm-vc_cta3 tm-vc_cta3-align-left tm-vc_cta3-icon-size-sm tm-vc_cta3-icons-beforeheading tm-vc_cta3-actions-no\"><div class=\"tm-vc_cta3_content-container\"><div class=\"tm-vc_cta3-content\"><div class=\"tm-vc_cta3-content-header tm-wrap\"><div class=\"tm-vc_cta3-icons tm-wrap-cell\"><div class=\"tm-vc_icon_element tm-vc_icon_element-outer tm-vc_icon_element-align-left  tm-vc_icon_element-have-style\"><div class=\"tm-vc_icon_element-inner  tm-vc_icon_element-have-style-inner tm-vc_icon_element-color-white tm-vc_icon_element-size-sm tm-vc_icon_element-style-boxed-outline tm-vc_icon_element-outline tm-vc_icon_element-background-color-white\" ><span class=\"tm-vc_icon_element-icon fa fa-envelope-o\" ><\/span><\/div><\/div><\/div><div class=\"tm-vc_cta3-headers tm-wrap-cell\"><h2 style=\"font-size:20px;line-height:28px;font-family:'Saira',Arial,Helvetica;font-weight:500;\" class=\"tm-custom-heading \" >kanny.kaire@ap2sante.com<\/h2>\n<h4 style=\"font-size:14px;line-height:18px;font-family:'Ubuntu',Arial,Helvetica;font-weight:400;\" class=\"tm-custom-heading \" >Pour plus d'information? Ecrivez-nous<\/h4>\n<\/div><\/div><\/div><div class=\"tm-cta3-desc-btn-wrapper\"><div class=\"tm-cta3-description\"><\/div><\/div><\/div><\/div><\/section><\/div><div class=\"tm-sbox tm-sbox-iconalign-before-heading none tm-sbox-bgcolor-transparent tm-bgcolor-transparent tm-sbox-textcolor- tm-textcolor- tm-sbox-isize-sm tm-sbox-isize-sm tm-sbox-istyle-boxed-outline vc_custom_1619809983420 tm-sbox-both-headings tm-0px-heading-margin\"><section class=\"tm-vc_cta3-container\"><div class=\"tm-vc_general tm-vc_cta3 tm-vc_cta3-align-left tm-vc_cta3-icon-size-sm tm-vc_cta3-icons-beforeheading tm-vc_cta3-actions-no\"><div class=\"tm-vc_cta3_content-container\"><div class=\"tm-vc_cta3-content\"><div class=\"tm-vc_cta3-content-header tm-wrap\"><div class=\"tm-vc_cta3-icons tm-wrap-cell\"><div class=\"tm-vc_icon_element tm-vc_icon_element-outer tm-vc_icon_element-align-left  tm-vc_icon_element-have-style\"><div class=\"tm-vc_icon_element-inner  tm-vc_icon_element-have-style-inner tm-vc_icon_element-color-white tm-vc_icon_element-size-sm tm-vc_icon_element-style-boxed-outline tm-vc_icon_element-outline tm-vc_icon_element-background-color-white\" ><span class=\"tm-vc_icon_element-icon fa fa-phone\" ><\/span><\/div><\/div><\/div><div class=\"tm-vc_cta3-headers tm-wrap-cell\"><h2 style=\"font-size:20px;line-height:28px;font-family:'Saira',Arial,Helvetica;font-weight:500;\" class=\"tm-custom-heading \" >06 26 73 36 06<\/h2>\n<h4 style=\"font-size:14px;line-height:18px;font-family:'Ubuntu',Arial,Helvetica;font-weight:400;\" class=\"tm-custom-heading \" >Besoin d'aide? Appelez-nous<\/h4>\n<\/div><\/div><\/div><div class=\"tm-cta3-desc-btn-wrapper\"><div class=\"tm-cta3-description\"><\/div><\/div><\/div><\/div><\/section><\/div><div class=\"tm-sbox tm-sbox-iconalign-before-heading none tm-sbox-bgcolor-transparent tm-bgcolor-transparent tm-sbox-textcolor- tm-textcolor- tm-sbox-isize-sm tm-sbox-isize-sm tm-sbox-istyle-boxed-outline vc_custom_1619810041568 tm-sbox-both-headings tm-0px-heading-margin\"><section class=\"tm-vc_cta3-container\"><div class=\"tm-vc_general tm-vc_cta3 tm-vc_cta3-align-left tm-vc_cta3-icon-size-sm tm-vc_cta3-icons-beforeheading tm-vc_cta3-actions-no\"><div class=\"tm-vc_cta3_content-container\"><div class=\"tm-vc_cta3-content\"><div class=\"tm-vc_cta3-content-header tm-wrap\"><div class=\"tm-vc_cta3-icons tm-wrap-cell\"><div class=\"tm-vc_icon_element tm-vc_icon_element-outer tm-vc_icon_element-align-left  tm-vc_icon_element-have-style\"><div class=\"tm-vc_icon_element-inner  tm-vc_icon_element-have-style-inner tm-vc_icon_element-color-white tm-vc_icon_element-size-sm tm-vc_icon_element-style-boxed-outline tm-vc_icon_element-outline tm-vc_icon_element-background-color-white\" ><span class=\"tm-vc_icon_element-icon fa fa-clock-o\" ><\/span><\/div><\/div><\/div><div class=\"tm-vc_cta3-headers tm-wrap-cell\"><h2 style=\"font-size:20px;line-height:28px;font-family:'Saira',Arial,Helvetica;font-weight:500;\" class=\"tm-custom-heading \" >Lun \u2013 Ven 08:00 \u2013 17:00<\/h2>\n<h4 style=\"font-size:14px;line-height:18px;font-family:'Ubuntu',Arial,Helvetica;font-weight:400;\" class=\"tm-custom-heading \" >Nous sommes ouverts<\/h4>\n<\/div><\/div><\/div><div class=\"tm-cta3-desc-btn-wrapper\"><div class=\"tm-cta3-description\"><\/div><\/div><\/div><\/div><\/section><\/div>[vc_separator color=\u00a0\u00bbcustom\u00a0\u00bb accent_color=\u00a0\u00bbrgba(255,255,255,0.25)\u00a0\u00bb css=\u00a0\u00bb.vc_custom_1548141899386{padding-top: 20px !important;}\u00a0\u00bb][vc_column_text css=\u00a0\u00bb.vc_custom_1545627718346{margin-bottom: 0px !important;}\u00a0\u00bb]<div class=\"themetechmount-social-links-wrapper\"><ul class=\"social-icons\"><li class=\"tm-social-facebook\"><a class=\" tooltip-top\" target=\"_blank\" href=\"#\" data-tooltip=\"Facebook\"><i class=\"tm-brivona-icon-facebook\"><\/i><\/a><\/li>\n<li class=\"tm-social-twitter\"><a class=\" tooltip-top\" target=\"_blank\" href=\"#\" data-tooltip=\"Twitter\"><i class=\"tm-brivona-icon-twitter\"><\/i><\/a><\/li>\n<li class=\"tm-social-pinterest\"><a class=\" tooltip-top\" target=\"_blank\" href=\"#\" data-tooltip=\"Pinterest\"><i class=\"tm-brivona-icon-pinterest\"><\/i><\/a><\/li>\n<li class=\"tm-social-linkedin\"><a class=\" tooltip-top\" target=\"_blank\" href=\"\" data-tooltip=\"LinkedIn\"><i class=\"tm-brivona-icon-linkedin\"><\/i><\/a><\/li>\n<\/ul><\/div>[\/vc_column_text][\/vc_column_inner][\/vc_row_inner][\/vc_column][vc_column tm_bgcolor=\u00a0\u00bbgrey\u00a0\u00bb width=\u00a0\u00bb7\/12&Prime; css=\u00a0\u00bb.vc_custom_1548161836669{padding-top: 40px !important;padding-right: 35px !important;padding-bottom: 15px !important;padding-left: 35px !important;}\u00a0\u00bb tm_responsive_css=\u00a0\u00bb10776816|colbreak_no|||||||||colbreak_no|||||||||colbreak_no||||||15px||15px||colbreak_no|||||||||\u00a0\u00bb][vc_row_inner][vc_column_inner tm_responsive_css=\u00a0\u00bb55178778|colbreak_no|||||||||colbreak_no|||||||||colbreak_no||||||||||colbreak_no|||||||||\u00a0\u00bb]<div class=\"tm-element-heading-wrapper tm-heading-inner tm-element-align-left tm-seperator-none tm-heading-style-vertical  vc_custom_1620169652171\"><section class=\"tm-vc_cta3-container\"><div class=\"tm-vc_general tm-vc_cta3 tm-cta3-only tm-vc_cta3-style-classic tm-vc_cta3-shape-rounded tm-vc_cta3-align-left tm-vc_cta3-color-transparent tm-vc_cta3-icon-size-md tm-vc_cta3-actions-no tm-cta3-with-desc\"><div class=\"tm-vc_cta3_content-container\"><div class=\"tm-vc_cta3-content\"><header class=\"tm-vc_cta3-content-header tm-wrap\"><div class=\"tm-vc_cta3-headers tm-wrap-cell\"><h4 class=\"tm-custom-heading \" >Ap2Sant\u00e9<br \/>\nAudit-Pilotage- Performance Sant\u00e9<\/h4>\n<h2 class=\"tm-custom-heading \" >Nous <strong>Contacter<\/strong><\/h2>\n<\/div><div class=\"heading-seperator\"><span><\/span><\/div><\/header><div class=\"tm-cta3-content-wrapper\"><p>Aider les \u00e9tablissements de sant\u00e9 \u00e0 am\u00e9liorer leur performance m\u00e9dico-\u00e9conomique par une meilleure efficience organisationnelle et productive.<\/p><\/div><\/div><\/div><\/div><\/section><\/div> <!-- .tm-element-heading-wrapper container --> \n<div class=\"wpcf7 no-js\" id=\"wpcf7-f4-o1\" lang=\"en-US\" dir=\"ltr\" data-wpcf7-id=\"4\">\n<div class=\"screen-reader-response\"><p role=\"status\" aria-live=\"polite\" aria-atomic=\"true\"><\/p> <ul><\/ul><\/div>\n<form action=\"\/index.php\/wp-json\/wp\/v2\/pages\/100#wpcf7-f4-o1\" method=\"post\" class=\"wpcf7-form init\" aria-label=\"Contact form\" novalidate=\"novalidate\" data-status=\"init\">\n<fieldset class=\"hidden-fields-container\"><input type=\"hidden\" name=\"_wpcf7\" value=\"4\" \/><input type=\"hidden\" name=\"_wpcf7_version\" value=\"6.1.5\" \/><input type=\"hidden\" name=\"_wpcf7_locale\" value=\"en_US\" \/><input type=\"hidden\" name=\"_wpcf7_unit_tag\" value=\"wpcf7-f4-o1\" \/><input type=\"hidden\" name=\"_wpcf7_container_post\" value=\"0\" \/><input type=\"hidden\" name=\"_wpcf7_posted_data_hash\" value=\"\" \/>\n<\/fieldset>\n<p><label> Votre Nom (obligatoire)<br \/>\n<span class=\"wpcf7-form-control-wrap\" data-name=\"your-name\"><input size=\"40\" maxlength=\"400\" class=\"wpcf7-form-control wpcf7-text wpcf7-validates-as-required\" aria-required=\"true\" aria-invalid=\"false\" value=\"\" type=\"text\" name=\"your-name\" \/><\/span> <\/label>\n<\/p>\n<p><label> Votre Email (obligatoire)<br \/>\n<span class=\"wpcf7-form-control-wrap\" data-name=\"your-email\"><input size=\"40\" maxlength=\"400\" class=\"wpcf7-form-control wpcf7-email wpcf7-validates-as-required wpcf7-text wpcf7-validates-as-email\" aria-required=\"true\" aria-invalid=\"false\" value=\"\" type=\"email\" name=\"your-email\" \/><\/span> <\/label>\n<\/p>\n<p><label> Objet du message<br \/>\n<span class=\"wpcf7-form-control-wrap\" data-name=\"your-subject\"><input size=\"40\" maxlength=\"400\" class=\"wpcf7-form-control wpcf7-text\" aria-invalid=\"false\" value=\"\" type=\"text\" name=\"your-subject\" \/><\/span> <\/label>\n<\/p>\n<p><label> Votre Message<br \/>\n<span class=\"wpcf7-form-control-wrap\" data-name=\"your-message\"><textarea cols=\"40\" rows=\"10\" maxlength=\"2000\" class=\"wpcf7-form-control wpcf7-textarea\" aria-invalid=\"false\" name=\"your-message\"><\/textarea><\/span> <\/label>\n<\/p>\n<p><input class=\"wpcf7-form-control wpcf7-submit has-spinner\" type=\"submit\" value=\"Envoyer\" \/>\n<\/p><div class=\"wpcf7-response-output\" aria-hidden=\"true\"><\/div>\n<\/form>\n<\/div>\n[\/vc_column_inner][\/vc_row_inner][\/vc_column][\/vc_row][vc_row tm_bgimagefixed=\u00a0\u00bb\u00a0\u00bb break_in_responsive=\u00a0\u00bb991&Prime; full_width=\u00a0\u00bbstretch_row_content\u00a0\u00bb css=\u00a0\u00bb.vc_custom_1545628118679{padding-bottom: 0px !important;}\u00a0\u00bb tm_responsive_css=\u00a0\u00bb60998121|colbreak_no|||||||||colbreak_no|||||0px||||colbreak_no||||||||||colbreak_no|||||||||\u00a0\u00bb][vc_column tm_responsive_css=\u00a0\u00bb60134626|colbreak_no|||||||||colbreak_no||||||0px||0px|colbreak_no||||||||||colbreak_no|||||||||\u00a0\u00bb css=\u00a0\u00bb.vc_custom_1545723808093{padding-right: 0px !important;padding-left: 0px !important;}\u00a0\u00bb][vc_gmaps link=\u00a0\u00bb#E-8_JTNDaWZyYW1lJTIwc3JjJTNEJTIyaHR0cHMlM0ElMkYlMkZ3d3cuZ29vZ2xlLmNvbSUyRm1hcHMlMkZlbWJlZCUzRnBiJTNEJTIxMW0xOCUyMTFtMTIlMjExbTMlMjExZDI2MTIuNzY1NDEyOTI5MDUxJTIxMmQ2LjcwNjk4OTkxNTM1NTU1MTQlMjEzZDQ5LjA5MTA5Nzk3OTMxMDk2NiUyMTJtMyUyMTFmMCUyMTJmMCUyMTNmMCUyMTNtMiUyMTFpMTAyNCUyMTJpNzY4JTIxNGYxMy4xJTIxM20zJTIxMW0yJTIxMXMweDQ3OTQ1NDI4NDE1NzAxODUlMjUzQTB4M2MyNmZlYTNiYTRiN2IwZiUyMTJzUnVlJTI1MjBkdSUyNTIwV2VuaGVjayUyNTJDJTI1MjBWYWxtb250JTI1MkMlMjUyMEZyYW5jZSUyMTVlMCUyMTNtMiUyMTFzZnIlMjEyc3NuJTIxNHYxNjIwMDg2NTEzNzIxJTIxNW0yJTIxMXNmciUyMTJzc24lMjIlMjB3aWR0aCUzRCUyMjYwMCUyMiUyMGhlaWdodCUzRCUyMjQ1MCUyMiUyMHN0eWxlJTNEJTIyYm9yZGVyJTNBMCUzQiUyMiUyMGFsbG93ZnVsbHNjcmVlbiUzRCUyMiUyMiUyMGxvYWRpbmclM0QlMjJsYXp5JTIyJTNFJTNDJTJGaWZyYW1lJTNF\u00a0\u00bb css=\u00a0\u00bb.vc_custom_1620086534224{margin-bottom: 0px !important;}\u00a0\u00bb][\/vc_column][\/vc_row]<\/p>\n","protected":false},"excerpt":{"rendered":"<p>[vc_row tm_bgcolor=\u00a0\u00bbwhite\u00a0\u00bb tm_bgimagefixed=\u00a0\u00bb\u00a0\u00bb full_width=\u00a0\u00bbstretch_row\u00a0\u00bb equal_height=\u00a0\u00bbyes\u00a0\u00bb css=\u00a0\u00bb.vc_custom_1619909623110{padding-bottom: 0px !important;background-image: url(http:\/\/ap2sante.com\/wp-content\/uploads\/2021\/05\/Banner.png?id=3506) !important;}\u00a0\u00bb tm_responsive_css=\u00a0\u00bb10883513|colbreak_no|||||||||colbreak_no|||||0px||||colbreak_no||||||||||colbreak_no|||||||||\u00a0\u00bb][vc_column tm_bgcolor=\u00a0\u00bbskincolor\u00a0\u00bb width=\u00a0\u00bb5\/12&Prime; css=\u00a0\u00bb.vc_custom_1548161738223{padding-top: 40px !important;padding-right: 35px !important;padding-bottom: 30px !important;padding-left: 35px !important;}\u00a0\u00bb tm_responsive_css=\u00a0\u00bb92489321|colbreak_no|||||||||colbreak_no|||||||||colbreak_no||||||20px||20px||colbreak_no|||||||||\u00a0\u00bb][vc_row_inner][vc_column_inner el_class=\u00a0\u00bbtm-contact-box\u00a0\u00bb tm_responsive_css=\u00a0\u00bb86502181|colbreak_no|||||||||colbreak_no|||||||||colbreak_no||||||15px||15px||colbreak_no|||||||||\u00a0\u00bb][vc_separator color=\u00a0\u00bbcustom\u00a0\u00bb accent_color=\u00a0\u00bbrgba(255,255,255,0.25)\u00a0\u00bb css=\u00a0\u00bb.vc_custom_1545372978951{padding-top: 20px !important;}\u00a0\u00bb][vc_separator color=\u00a0\u00bbcustom\u00a0\u00bb accent_color=\u00a0\u00bbrgba(255,255,255,0.25)\u00a0\u00bb css=\u00a0\u00bb.vc_custom_1548141899386{padding-top: 20px !important;}\u00a0\u00bb][vc_column_text css=\u00a0\u00bb.vc_custom_1545627718346{margin-bottom: 0px !important;}\u00a0\u00bb][\/vc_column_text][\/vc_column_inner][\/vc_row_inner][\/vc_column][vc_column tm_bgcolor=\u00a0\u00bbgrey\u00a0\u00bb width=\u00a0\u00bb7\/12&Prime; css=\u00a0\u00bb.vc_custom_1548161836669{padding-top: 40px !important;padding-right: 35px !important;padding-bottom: 15px !important;padding-left: 35px !important;}\u00a0\u00bb tm_responsive_css=\u00a0\u00bb10776816|colbreak_no|||||||||colbreak_no|||||||||colbreak_no||||||15px||15px||colbreak_no|||||||||\u00a0\u00bb][vc_row_inner][vc_column_inner tm_responsive_css=\u00a0\u00bb55178778|colbreak_no|||||||||colbreak_no|||||||||colbreak_no||||||||||colbreak_no|||||||||\u00a0\u00bb][\/vc_column_inner][\/vc_row_inner][\/vc_column][\/vc_row][vc_row tm_bgimagefixed=\u00a0\u00bb\u00a0\u00bb break_in_responsive=\u00a0\u00bb991&Prime; full_width=\u00a0\u00bbstretch_row_content\u00a0\u00bb css=\u00a0\u00bb.vc_custom_1545628118679{padding-bottom: &hellip; <a href=\"https:\/\/ap2sante.com\/index.php\/contactez-nous\/\" class=\"more-link\">Continue reading <span class=\"screen-reader-text\">Contactez-nous<\/span><\/a><\/p>\n","protected":false},"author":1,"featured_media":0,"parent":0,"menu_order":11,"comment_status":"closed","ping_status":"closed","template":"","meta":{"om_disable_all_campaigns":false,"_monsterinsights_skip_tracking":false,"_monsterinsights_sitenote_active":false,"_monsterinsights_sitenote_note":"","_monsterinsights_sitenote_category":0,"footnotes":""},"class_list":["post-100","page","type-page","status-publish","hentry"],"aioseo_notices":[],"jetpack_sharing_enabled":true,"_links":{"self":[{"href":"https:\/\/ap2sante.com\/index.php\/wp-json\/wp\/v2\/pages\/100","targetHints":{"allow":["GET"]}}],"collection":[{"href":"https:\/\/ap2sante.com\/index.php\/wp-json\/wp\/v2\/pages"}],"about":[{"href":"https:\/\/ap2sante.com\/index.php\/wp-json\/wp\/v2\/types\/page"}],"author":[{"embeddable":true,"href":"https:\/\/ap2sante.com\/index.php\/wp-json\/wp\/v2\/users\/1"}],"replies":[{"embeddable":true,"href":"https:\/\/ap2sante.com\/index.php\/wp-json\/wp\/v2\/comments?post=100"}],"version-history":[{"count":31,"href":"https:\/\/ap2sante.com\/index.php\/wp-json\/wp\/v2\/pages\/100\/revisions"}],"predecessor-version":[{"id":3556,"href":"https:\/\/ap2sante.com\/index.php\/wp-json\/wp\/v2\/pages\/100\/revisions\/3556"}],"wp:attachment":[{"href":"https:\/\/ap2sante.com\/index.php\/wp-json\/wp\/v2\/media?parent=100"}],"curies":[{"name":"wp","href":"https:\/\/api.w.org\/{rel}","templated":true}]}}